{"id":22,"date":"2023-02-27T20:52:50","date_gmt":"2023-02-27T19:52:50","guid":{"rendered":"http:\/\/seanitiatives.com\/?page_id=22"},"modified":"2023-06-11T19:46:53","modified_gmt":"2023-06-11T17:46:53","slug":"les-initiatives","status":"publish","type":"page","link":"https:\/\/seanitiatives.com\/index.php\/les-initiatives\/","title":{"rendered":"Les initiatives"},"content":{"rendered":"\n<div class=\"wp-block-cover alignfull is-light\" style=\"min-height:616px;aspect-ratio:unset;\"><span aria-hidden=\"true\" class=\"wp-block-cover__background has-background-dim\"><\/span><img loading=\"lazy\" decoding=\"async\" width=\"2560\" height=\"1920\" class=\"wp-block-cover__image-background wp-image-61\" alt=\"\" src=\"http:\/\/seanitiatives.com\/wp-content\/uploads\/2023\/02\/P1001149-scaled.jpg\" data-object-fit=\"cover\" srcset=\"https:\/\/seanitiatives.com\/wp-content\/uploads\/2023\/02\/P1001149-scaled.jpg 2560w, https:\/\/seanitiatives.com\/wp-content\/uploads\/2023\/02\/P1001149-300x225.jpg 300w, https:\/\/seanitiatives.com\/wp-content\/uploads\/2023\/02\/P1001149-1024x768.jpg 1024w, https:\/\/seanitiatives.com\/wp-content\/uploads\/2023\/02\/P1001149-768x576.jpg 768w, https:\/\/seanitiatives.com\/wp-content\/uploads\/2023\/02\/P1001149-1536x1152.jpg 1536w, https:\/\/seanitiatives.com\/wp-content\/uploads\/2023\/02\/P1001149-2048x1536.jpg 2048w, https:\/\/seanitiatives.com\/wp-content\/uploads\/2023\/02\/P1001149-1568x1176.jpg 1568w\" sizes=\"auto, (max-width: 2560px) 100vw, 2560px\" \/><div class=\"wp-block-cover__inner-container is-layout-flow wp-block-cover-is-layout-flow\">\n<p> <\/p>\n\n\n\n<p class=\"has-background-color has-text-color has-large-font-size\">Pour les plus jeunes<\/p>\n\n\n\n<p class=\"has-text-align-justify has-background-color has-text-color\">Pour sensibiliser au milieu marin, SEAnitiatives s&#8217;adresse d&#8217;abord aux enfants et adolescents. Au travers de conf\u00e9rences destin\u00e9es aux \u00e9l\u00e8ves entre 6 et 14 ans, l&#8217;association leur fait d\u00e9couvrir l&#8217;amour de la mer, de la navigation et de ses techniques. <\/p>\n\n\n\n<p class=\"has-text-align-justify has-background-color has-text-color\">Ces conf\u00e9rences se poursuivent avec des \u00e9changes r\u00e9guliers dans le cadre de nos voyages permettant aux enfants de d\u00e9couvrir des sp\u00e9cificit\u00e9s g\u00e9ographiques, biologiques ou m\u00e9t\u00e9orologiques en fonction des aventures des membres de l&#8217;association.<\/p>\n\n\n\n<p class=\"has-text-align-justify has-background-color has-text-color\">L&#8217;association aide \u00e9galement les enseignants \u00e0 poursuivre l&#8217;acquisition des connaissances en fournissant des supports p\u00e9dagogiques sur la mer, la g\u00e9ographie des pays travers\u00e9s, la biologie ou encore la science physique pr\u00e9sente lors de la navigation.<\/p>\n<\/div><\/div>\n\n\n\n<div class=\"wp-block-cover alignfull is-light\"><span aria-hidden=\"true\" class=\"wp-block-cover__background has-background-dim\"><\/span><img loading=\"lazy\" decoding=\"async\" width=\"2560\" height=\"1769\" class=\"wp-block-cover__image-background wp-image-59\" alt=\"\" src=\"http:\/\/seanitiatives.com\/wp-content\/uploads\/2023\/02\/P1000974-1-scaled.jpg\" data-object-fit=\"cover\" srcset=\"https:\/\/seanitiatives.com\/wp-content\/uploads\/2023\/02\/P1000974-1-scaled.jpg 2560w, https:\/\/seanitiatives.com\/wp-content\/uploads\/2023\/02\/P1000974-1-300x207.jpg 300w, https:\/\/seanitiatives.com\/wp-content\/uploads\/2023\/02\/P1000974-1-1024x707.jpg 1024w, https:\/\/seanitiatives.com\/wp-content\/uploads\/2023\/02\/P1000974-1-768x531.jpg 768w, https:\/\/seanitiatives.com\/wp-content\/uploads\/2023\/02\/P1000974-1-1536x1061.jpg 1536w, https:\/\/seanitiatives.com\/wp-content\/uploads\/2023\/02\/P1000974-1-2048x1415.jpg 2048w, https:\/\/seanitiatives.com\/wp-content\/uploads\/2023\/02\/P1000974-1-1568x1083.jpg 1568w\" sizes=\"auto, (max-width: 2560px) 100vw, 2560px\" \/><div class=\"wp-block-cover__inner-container is-layout-flow wp-block-cover-is-layout-flow\">\n<p class=\"has-background-color has-text-color has-large-font-size\">Pour les plus grands<\/p>\n\n\n\n<p class=\"has-text-align-justify has-background-color has-text-color has-normal-font-size\">Nos conf\u00e9rences s&#8217;adressent \u00e9galement aux plus \u00e2g\u00e9s, notamment au lyc\u00e9e ou dans les \u00e9tudes sup\u00e9rieures. Notre objectif :  donner une perspective aux jeunes en leur parlant de nos formations et parcours professionnels et d\u00e9montrer qu&#8217;ils sont compatibles avec des projets de vie en lien avec la mer, \u00e9panouissants et surtout respectueux de l&#8217;environnement. <\/p>\n\n\n\n<p class=\"has-text-align-justify has-background-color has-text-color has-normal-font-size\">Dans le monde du travail, l&#8217;association intervient afin de promouvoir les joies de la navigation, alerter sur les enjeux \u00e9cologiques mais aussi mettre en avant l&#8217;\u00e9quilibre d&#8217;une vie professionnelle associ\u00e9e aux voyages et \u00e0 la voile.<\/p>\n<\/div><\/div>\n\n\n\n<div class=\"wp-block-cover alignfull is-light\"><span aria-hidden=\"true\" class=\"wp-block-cover__background has-background-dim\"><\/span><img loading=\"lazy\" decoding=\"async\" width=\"2560\" height=\"2244\" class=\"wp-block-cover__image-background wp-image-60\" alt=\"\" src=\"http:\/\/seanitiatives.com\/wp-content\/uploads\/2023\/02\/P1001053-1-scaled.jpg\" data-object-fit=\"cover\" srcset=\"https:\/\/seanitiatives.com\/wp-content\/uploads\/2023\/02\/P1001053-1-scaled.jpg 2560w, https:\/\/seanitiatives.com\/wp-content\/uploads\/2023\/02\/P1001053-1-300x263.jpg 300w, https:\/\/seanitiatives.com\/wp-content\/uploads\/2023\/02\/P1001053-1-1024x898.jpg 1024w, https:\/\/seanitiatives.com\/wp-content\/uploads\/2023\/02\/P1001053-1-768x673.jpg 768w, https:\/\/seanitiatives.com\/wp-content\/uploads\/2023\/02\/P1001053-1-1536x1347.jpg 1536w, https:\/\/seanitiatives.com\/wp-content\/uploads\/2023\/02\/P1001053-1-2048x1796.jpg 2048w, https:\/\/seanitiatives.com\/wp-content\/uploads\/2023\/02\/P1001053-1-1568x1375.jpg 1568w\" sizes=\"auto, (max-width: 2560px) 100vw, 2560px\" \/><div class=\"wp-block-cover__inner-container is-layout-flow wp-block-cover-is-layout-flow\">\n<p class=\"has-background-color has-text-color has-large-font-size\">La r\u00e9colte de donn\u00e9es&nbsp;<\/p>\n\n\n\n<div class=\"wp-block-group\"><div class=\"wp-block-group__inner-container is-layout-constrained wp-block-group-is-layout-constrained\">\n<p class=\"has-text-align-justify has-background-color has-text-color\">Lors de nos sorties en mer, SEAnitiatives collabore avec le RIEM, une association dont les objectifs sont compl\u00e9mentaires des n\u00f4tres. Leur but : \u00eatre l\u2019interm\u00e9diaire entre le grand public et les scientifiques afin d\u2019impliquer les citoyens dans la pr\u00e9servation de la biodiversit\u00e9 marine.&nbsp; Nous remplirons avec le RIEM des missions en mer d\u2019observations et de collectes de donn\u00e9es en lien avec les animaux marins, la pollution et la turbidit\u00e9 de l\u2019eau.<\/p>\n<\/div><\/div>\n\n\n<div class=\"wp-block-image\">\n<figure class=\"aligncenter size-full\"><img loading=\"lazy\" decoding=\"async\" width=\"183\" height=\"165\" src=\"http:\/\/seanitiatives.com\/wp-content\/uploads\/2023\/02\/logo-riem-1.jpg\" alt=\"\" class=\"wp-image-63\"\/><\/figure>\n<\/div><\/div><\/div>\n\n\n\n<div class=\"wp-block-cover alignfull is-light\"><span aria-hidden=\"true\" class=\"wp-block-cover__background has-background-dim\"><\/span><img loading=\"lazy\" decoding=\"async\" width=\"726\" height=\"722\" class=\"wp-block-cover__image-background wp-image-78\" alt=\"\" src=\"http:\/\/seanitiatives.com\/wp-content\/uploads\/2023\/02\/photos-3-1.jpg\" data-object-fit=\"cover\" srcset=\"https:\/\/seanitiatives.com\/wp-content\/uploads\/2023\/02\/photos-3-1.jpg 726w, https:\/\/seanitiatives.com\/wp-content\/uploads\/2023\/02\/photos-3-1-300x298.jpg 300w, https:\/\/seanitiatives.com\/wp-content\/uploads\/2023\/02\/photos-3-1-150x150.jpg 150w\" sizes=\"auto, (max-width: 726px) 100vw, 726px\" \/><div class=\"wp-block-cover__inner-container is-layout-flow wp-block-cover-is-layout-flow\">\n<p class=\"has-text-align-left has-background-color has-text-color has-large-font-size\">Le Projet AuriJin, 1er support de SEAnitiatives<\/p>\n\n\n\n<p class=\"has-background-color has-text-color\">AuriJin c\u2019est Auriane + JJ, et c\u2019est l\u2019origine de SEAnitiatives. C\u2019est aussi un SunFast 37, voilier habitable de 11m de long par 3,5 m de large, bient\u00f4t \u00e9quip\u00e9 pour la navigation hauturi\u00e8re. Pour plus d&#8217;infos sur les voyages de ce joli navire, rendez-vous \u00e0 la rubrique Actualit\u00e9s<\/p>\n<\/div><\/div>\n","protected":false},"excerpt":{"rendered":"","protected":false},"author":1,"featured_media":0,"parent":0,"menu_order":0,"comment_status":"closed","ping_status":"closed","template":"","meta":{"_monsterinsights_skip_tracking":false,"_monsterinsights_sitenote_active":false,"_monsterinsights_sitenote_note":"","_monsterinsights_sitenote_category":0,"footnotes":""},"class_list":["post-22","page","type-page","status-publish","hentry","entry"],"_links":{"self":[{"href":"https:\/\/seanitiatives.com\/index.php\/wp-json\/wp\/v2\/pages\/22","targetHints":{"allow":["GET"]}}],"collection":[{"href":"https:\/\/seanitiatives.com\/index.php\/wp-json\/wp\/v2\/pages"}],"about":[{"href":"https:\/\/seanitiatives.com\/index.php\/wp-json\/wp\/v2\/types\/page"}],"author":[{"embeddable":true,"href":"https:\/\/seanitiatives.com\/index.php\/wp-json\/wp\/v2\/users\/1"}],"replies":[{"embeddable":true,"href":"https:\/\/seanitiatives.com\/index.php\/wp-json\/wp\/v2\/comments?post=22"}],"version-history":[{"count":8,"href":"https:\/\/seanitiatives.com\/index.php\/wp-json\/wp\/v2\/pages\/22\/revisions"}],"predecessor-version":[{"id":301,"href":"https:\/\/seanitiatives.com\/index.php\/wp-json\/wp\/v2\/pages\/22\/revisions\/301"}],"wp:attachment":[{"href":"https:\/\/seanitiatives.com\/index.php\/wp-json\/wp\/v2\/media?parent=22"}],"curies":[{"name":"wp","href":"https:\/\/api.w.org\/{rel}","templated":true}]}}